{"id":1447,"date":"2018-05-29T16:23:12","date_gmt":"2018-05-29T14:23:12","guid":{"rendered":"https:\/\/www.trafficrunner.de\/trafficrunner_de\/?page_id=1447"},"modified":"2018-06-12T14:08:20","modified_gmt":"2018-06-12T12:08:20","slug":"allgemeine-geschaefts-bedingungen","status":"publish","type":"page","link":"https:\/\/www.trafficrunner.de\/index.php\/allgemeine-geschaefts-bedingungen\/","title":{"rendered":"Allgemeine Gesch\u00e4fts Bedingungen"},"content":{"rendered":"<p><\/p>\n<h3>Gesch\u00e4ftst\u00e4tigkeit<\/h3>\n<ol>\n<li>Die trafficrunner GmbH (nachfolgend \u201ctrafficrunner\u201d genannt) vermarktet Werbefl\u00e4chen auf ihrer Website und in den von ihr vertriebenen, E-Mail- basierten Newslettern und Direktmailings an gewerbliche Nutzer.<\/li>\n<li>Der Vertrag \u00fcber die Ausf\u00fchrung des von Dritten (nachfolgend \u201cAuftraggeber\u201d genannt) oder einer zwischengeschalteten Werbeagentur erteilten Werbeauftrages wird von trafficrunner im eigenen Namen und auf eigene Rechnung durchgef\u00fchrt.<\/li>\n<li>trafficrunner ist berechtigt, Subunternehmer zu beauftragen.<\/li>\n<\/ol>\n<h3>Ausschlie\u00dfliche Anwendbarkeit<\/h3>\n<ol>\n<li>Diese Allgemeine Gesch\u00e4ftsbedingungen (AGB) haben ausschlie\u00dfliche Geltung f\u00fcr die in Ziffer 1.1 genannten Vermarktungsm\u00f6glichkeiten (nachfolgend \u201cDienstleistungen\u201d) von trafficrunner. Allgemeine Gesch\u00e4ftsbedingungen des Auftraggebers finden \u2013 soweit sie von den hier vorliegenden abweichen \u2013 keine Anwendung, auch wenn ihnen von trafficrunner nicht ausdr\u00fccklich widersprochen wird.<\/li>\n<li>F\u00fcr Folgegesch\u00e4fte ist keine nochmalige ausdr\u00fcckliche Einbeziehung mehr notwendig.<\/li>\n<li>Sollte sich eine Bestimmung dieser Allgemeinen Gesch\u00e4ftsbedingungen als ganz oder teilweise unwirksam erweisen, so werden die Vertragspartner diese Bestimmung durch eine neue, ihrem rechtlichen oder wirtschaftlichen Erfolg m\u00f6glichst nahe kommende Bestimmung ersetzen.<\/li>\n<\/ol>\n<h3>Vertragsabschluss<\/h3>\n<ol>\n<li>S\u00e4mtliche Angebote von trafficrunner sind freibleibend. Vertr\u00e4ge bed\u00fcrfen zu ihrer G\u00fcltigkeit der Schriftform, eine schriftliche und signierte Auftragsbest\u00e4tigung durch trafficrunner ist ausreichend.<\/li>\n<li>M\u00fcndliche Nebenabreden und Vertrags\u00e4nderungen werden erst durch schriftliche Best\u00e4tigung wirksam. Erkl\u00e4rungen in Textform, welche durch elektronische Medien, wie E-Mail oder Internet \u00fcbertragen oder festgehalten werden, sind der Schriftform gleichgestellt.<\/li>\n<li>Die Leistungen von trafficrunner sind in der Auftragsbest\u00e4tigung von trafficrunner abschlie\u00dfend aufgef\u00fchrt.<\/li>\n<\/ol>\n<h3>Pflichten des Auftraggebers<\/h3>\n<ol>\n<li>Der Auftraggeber ist verpflichtet, sp\u00e4testens 3 Arbeitstage vor Beginn der Dienstleistung, trafficrunner per E-Mail an die Anlieferadresse s\u00e4mtliche f\u00fcr die ordnungsgem\u00e4\u00dfe Ausf\u00fchrung der Dienstleistung erforderlichen Informationen und Materialien zukommen zu lassen. Das Werbematerial muss sich f\u00fcr die vereinbarten Zwecke, insbesondere die Bildschirmdarstellung, im entsprechenden Umfeld und in der gebuchten Art und Gr\u00f6\u00dfe eignen und dem vereinbarten Format entsprechen. trafficrunner beh\u00e4lt sich das Recht vor, das vom Auftraggeber gelieferte Material zu bearbeiten und \u00e4nderungen und Korrekturen an diesem, insbesondere an den Abmessungen vorzunehmen, soweit dies zur optimalen Darstellung erforderlich bzw. ratsam ist und f\u00fcr den Auftraggeber zumutbar ist.<\/li>\n<li>Der Auftraggeber best\u00e4tigt mit der Auftragserteilung, dass die vertragsgem\u00e4\u00dfe Erbringung der Dienstleistung weder gesetzliche Vorschriften noch Rechte Dritter verletzt. Insbesondere tr\u00e4gt der Auftraggeber ausschlie\u00dflich die presse- und wettbewerbsrechtliche sowie die sonstige Verantwortung f\u00fcr den Inhalt der Werbung. Der Auftraggeber versichert insbesondere, dass die Werbematerialien nicht mit sexuellen oder pornographischen Darstellungen versehen sind, nicht Namen oder Begriffe verwendet werden, die auf sexuelle oder pornographische Programme hindeuten oder die f\u00fcr Programme mit sexuellen oder pornographischen Inhalten werben. trafficrunner ist nicht verpflichtet, die Auftr\u00e4ge auf deren rechtliche Zul\u00e4ssigkeit zu \u00fcberpr\u00fcfen.<\/li>\n<li>Der Auftraggeber sichert trafficrunner zu, dass er f\u00fcr s\u00e4mtliche zur Schaltung der Werbung erforderlichen Nutzungsrechte der Inhaber von Urheber-, Marken-, Leistungs- schutz-, Pers\u00f6nlichkeits- und sonstigen Rechten an den von ihm \u00fcbermittelten Werbematerialien (z.B. Texte, Fotos, Graphiken, Dateien, Tontr\u00e4ger und Videob\u00e4nder, etc.) nutzungsberechtigt ist.<\/li>\n<li>Der Auftraggeber verpflichtet sich, trafficrunner von allen Sch\u00e4den, Verlusten und Aufwendungen (einschlie\u00dflich Rechtsberatungsgeb\u00fchren und Auslagen der von trafficrunner beauftragten Anw\u00e4lte) freizustellen, die trafficrunner insgesamt oder einzeln im Rahmen von Gerichtsverfahren oder in Folge drohender oder geltend gemachter Anspr\u00fcche zu leisten hat, die sich aus einer Nichteinhaltung der vom Auftraggeber in bzw. aufgrund dieses Vertrages abgegebenen Zusicherungen und geschuldeten Pflichten bzw. aus dem Inhalt des Werbematerials nebst eingebetteter Links ergeben.<\/li>\n<li>Der Auftraggeber ist verpflichtet, die Erbringung der Dienstleistung innerhalb von 48 Stunden nach ihrem ersten Einsatz auf die Vertragsm\u00e4\u00dfigkeit hin zu \u00fcberpr\u00fcfen und trafficrunner etwaige Beanstandungen schriftlich mitzuteilen. Unterl\u00e4sst der Auftraggeber die rechtzeitige und formgerechte Mitteilung, so gilt die erbrachte Dienstleistung als vertragsgem\u00e4\u00df und genehmigt.<\/li>\n<\/ol>\n<h3>Zur\u00fcckweisung von Auftr\u00e4gen<\/h3>\n<ol>\n<li>trafficrunner beh\u00e4lt sich das Recht vor, einzelne Dienstleistungen \u2013 auch wenn sie bereits bestehende Vertragsverh\u00e4ltnisse betreffen \u2013 aus sachlich gerechtfertigten Gr\u00fcnden, beispielsweise rechtlicher, sittlicher oder moralischer Art \u2013 zur\u00fcckzuweisen. Diese Ablehnung teilt trafficrunner dem Auftraggeber unverz\u00fcglich mit.<\/li>\n<li>Sollte die Ablehnung im Interesse des Auftraggebers liegen, hat dieser die vereinbarte Verg\u00fctung f\u00fcr die nicht erbrachte(n) Dienstleistung(en) zu bezahlen, es sei denn, trafficrunner hat schuldhaft vers\u00e4umt, die etwaig freiwerdenden gebuchten Werbefl\u00e4chen bis zu dem f\u00fcr die nicht erbrachte Dienstleistung gebuchten Zeitpunkt anderweitig zu verwerten. Andernfalls hat der Auftraggeber lediglich Anspruch auf die R\u00fcckerstattung einer etwaig geleisteten Anzahlung. Die Geltendmachung weiterer Anspr\u00fcche ist ausgeschlossen.<\/li>\n<\/ol>\n<h3>Leistungserbringung durch trafficrunner<\/h3>\n<ol>\n<li>trafficrunner ist zur Erf\u00fcllung des Auftrages nur verpflichtet, wenn der Auftraggeber die sich nach Ziffer 4 ergebenden Pflichten ordnungsgem\u00e4\u00df erf\u00fcllt.<\/li>\n<li>Die Dienstleistung ist erbracht, wenn die Anzahl der gebuchten Kontakte von dem hauseigenen trafficrunner-System abgerufen wurde. Der Auftraggeber erh\u00e4lt von trafficrunner ein schriftliches Reporting \u00fcber die abgerufenen Kontakte.<\/li>\n<li>Sollte die Nichterbringung der vertragsgem\u00e4\u00dfen Dienstleistung durch trafficrunner auf h\u00f6herer Gewalt oder sonstigen nicht von trafficrunner zu vertretende Umst\u00e4nden beruhen, besteht f\u00fcr die Dauer dieser Ereignisse keine Pflicht zur Leistung.<\/li>\n<\/ol>\n<h3>Preise und Zahlungsbedingungen<\/h3>\n<ol>\n<li>Der Auftraggeber hat f\u00fcr die Schaltung der Werbung die aus der jeweils im Zeitpunkt des Vertragsschlusses g\u00fcltigen Preisliste ersichtlichen Entgelte zu bezahlen. Im Falle einer Stornierung nach Auftragserteilung fallen 70% des Auftragswertes als Stornopauschale an.<\/li>\n<li>S\u00e4mtliche Entgelte verstehen sich zzgl. der jeweils g\u00fcltigen gesetzlichen Mehr- wertsteuer im Zeitpunkt der Rechnungsstellung. Zahlungen sind bei Rechnungsstellung sofort ohne Abzug f\u00e4llig. Die sich durch Mahnung und Stundung ergebenen Kosten tr\u00e4gt der Auftraggeber. Die Geltendmachung weiterer (neben dem gesetzlichen Verzugsschaden entstehender) Sch\u00e4den beh\u00e4lt sich trafficrunner ausdr\u00fccklich vor.<\/li>\n<li>Befindet sich der Auftraggeber mit der Zahlung in Verzug oder wird gegen ihn Antrag auf Er\u00f6ffnung des Konkurs- bzw. Insolvenzverfahrens gestellt, so kann trafficrunner jegliche weitere Leistung zur\u00fcckhalten und s\u00e4mtliche bereits erbrachten Leistungen abrechnen. trafficrunner ist in diesem Fall berechtigt, den Einsatz weiterer Dienstleistungen, auch falls sie bereits vertraglich vereinbart waren, von der Vorauszahlung der Verg\u00fctung f\u00fcr s\u00e4mtliche bestehenden Auftr\u00e4ge abh\u00e4ngig zu machen.<\/li>\n<li>Im Falle des Zahlungsverzuges des Auftraggebers hat trafficrunner Anspruch auf Verzugszinsen in H\u00f6he von 10%. Der Ersatz weiteren Schadens bleibt vorbehalten.<\/li>\n<\/ol>\n<h3>Aufrechnung, Zur\u00fcckbehaltung<\/h3>\n<ol>\n<li>Der Auftraggeber kann Forderungen von trafficrunner nur mit von trafficrunner nicht bestrittenen bzw. mit rechtskr\u00e4ftig festgestellten Gegenforderungen verrechnen.<\/li>\n<li>Ein Zur\u00fcckbehaltungsrecht kann der Auftraggeber nur dann geltend machen, wenn die jeweiligen Anspr\u00fcche auf demselben Vertragsverh\u00e4ltnis beruhen.<\/li>\n<\/ol>\n<h3>Gew\u00e4hrleistung und Haftung<\/h3>\n<ol>\n<li>Bei nicht einwandfreier Ausf\u00fchrung der Dienstleistung, die deren Zweck nicht nur unerheblich beeintr\u00e4chtigt, hat der Auftraggeber Anspruch auf eine einwandfreie Nacher- f\u00fcllung. trafficrunner beh\u00e4lt sich das Wahlrecht bzgl. der Art der Nacherf\u00fcllung vor. Das gilt insbesondere f\u00fcr den Fall, dass trafficrunner die Dienstleistung aufgrund technischer St\u00f6rungen nicht oder nur zeitweise erbracht hat. Ein Anspruch auf Minderung der Verg\u00fctung besteht nur, wenn eine Wiederholung nicht m\u00f6glich oder dem Auftraggeber nicht zumutbar ist. F\u00fcr die Wiederholung kann der Auftraggeber trafficrunner eine angemessene Frist setzen. Findet innerhalb der Frist die Wiederholung nicht statt, so kann der Auftraggeber R\u00fcckzahlung der anteiligen Verg\u00fctung im Umfang der nicht ordnungsgem\u00e4\u00df erbrachten Dienstleistung verlangen. Abgesehen davon hat der Auftraggeber bei nicht einwandfreier Ausf\u00fchrung der Dienstleistung, soweit gesetzlich zul\u00e4ssig, keine weiteren Anspr\u00fcche gegen trafficrunner.<\/li>\n<li>Erbringt trafficrunner eine Dienstleistung nicht oder fehlerhaft, weil die erforderlichen Informationen unvollst\u00e4ndig, versp\u00e4tet oder mangelhaft zugegangen sind, steht trafficrunner die Verg\u00fctung in voller H\u00f6he zu, es sei denn, trafficrunner hat schuldhaft vers\u00e4umt, die durch Nicht- oder fehlerhafte Erf\u00fcllung etwaig frei gewordenen Ressourcen bis zu dem f\u00fcr die Nicht- oder fehlerhafte Erf\u00fcllung urspr\u00fcnglich vorgesehenen Zeitpunkt anderweitig zu verwerten.<\/li>\n<li>trafficrunner ist berechtigt, die vom Auftraggeber \u00fcberlassenen Informationen f\u00fcr die Erbringung der Dienstleistung nach Erf\u00fcllung des Auftrags zu vernichten.<\/li>\n<\/ol>\n<h3>Haftung<\/h3>\n<ol>\n<li>Schadensersatzanspr\u00fcche gegen trafficrunner sind unabh\u00e4ngig vom Rechtsgrund ausgeschlossen, es sei denn, trafficrunner hat vors\u00e4tzlich oder grob fahrl\u00e4ssig gehandelt oder die Schadensersatzanspr\u00fcche resultieren aus der Verletzung einer Garantie oder einer Verletzung des Lebens, K\u00f6rpers oder der Gesundheit.<\/li>\n<li>Soweit trafficrunner dem Grunde nach haftet, wird der Schadensersatz auf den vorhersehbaren Schaden begrenzt. Dies gilt weder f\u00fcr die grob fahrl\u00e4ssige und vors\u00e4tzliche Verursachung des schadensausl\u00f6senden Ereignisses noch f\u00fcr die Haftung f\u00fcr Leben -, K\u00f6rper \u2013 und Gesundheitssch\u00e4den. In keinem Fall bestehen Anspr\u00fcche des Auftraggebers auf Folgesch\u00e4den, wie namentlich Produktionsausfall, Nutzungsverluste, Verlust von Auftr\u00e4gen, entgangenem Gewinn oder anderen unmittelbaren oder mittelbaren Sch\u00e4den.<\/li>\n<li>Soweit die Haftung ausgeschlossen ist, gilt dies auch f\u00fcr die pers\u00f6nliche Haftung von Angestellten, Vertretern, Subunternehmern und sonstigen Mitarbeitern.<\/li>\n<\/ol>\n<h3>Datenschutz<\/h3>\n<p>Der Auftraggeber wird in Anwendung des Datenschutzgesetzes davon unterrichtet, dass trafficrunner seine Daten in maschinenlesbarer Form speichert und f\u00fcr Vertragszwecke maschinell verarbeitet. Der Auftraggeber ist mit dieser Speicherung einverstanden. trafficrunner ist berechtigt, soweit sie sich zur Erbringung ihrer Leistung Dritter bedient, die Daten an die beauftragten Dritten weiterzuleiten, sofern dies erforderlich ist.<\/p>\n<h3>Schlussbestimmungen<\/h3>\n<ol>\n<li>Erf\u00fcllungsort und ausschlie\u00dflicher Gerichtsstand f\u00fcr alle Streitigkeiten aus oder im Zusammenhang mit der erbrachten Dienstleistung ist N\u00fcrnberg. trafficrunner kann jedoch den Auftraggeber auch an seinem ordentlichen Gerichtsstand belangen.<\/li>\n<li>Es gilt ausschlie\u00dflich deutsches Recht unter Ausschluss des UN \u2013Kaufrechts.<\/li>\n<\/ol>\n<p><\/p>","protected":false},"excerpt":{"rendered":"<p>Gesch\u00e4ftst\u00e4tigkeit Die trafficrunner GmbH (nachfolgend \u201ctrafficrunner\u201d genannt) vermarktet Werbefl\u00e4chen auf ihrer Website und in den von ihr vertriebenen, E-Mail- basierten Newslettern und Direktmailings an gewerbliche Nutzer. Der Vertrag \u00fcber die Ausf\u00fchrung des von Dritten (nachfolgend \u201cAuftraggeber\u201d genannt) oder einer zwischengeschalteten Werbeagentur erteilten Werbeauftrages wird von trafficrunner im eigenen Namen und auf eigene Rechnung durchgef\u00fchrt. trafficrunner   <br \/><a href=\"https:\/\/www.trafficrunner.de\/index.php\/allgemeine-geschaefts-bedingungen\/\"><i class=\"fa fa-share\"><\/i> weiterlesen<\/a><\/p>\n","protected":false},"author":1,"featured_media":0,"parent":0,"menu_order":0,"comment_status":"closed","ping_status":"closed","template":"","meta":[],"_links":{"self":[{"href":"https:\/\/www.trafficrunner.de\/index.php\/wp-json\/wp\/v2\/pages\/1447"}],"collection":[{"href":"https:\/\/www.trafficrunner.de\/index.php\/wp-json\/wp\/v2\/pages"}],"about":[{"href":"https:\/\/www.trafficrunner.de\/index.php\/wp-json\/wp\/v2\/types\/page"}],"author":[{"embeddable":true,"href":"https:\/\/www.trafficrunner.de\/index.php\/wp-json\/wp\/v2\/users\/1"}],"replies":[{"embeddable":true,"href":"https:\/\/www.trafficrunner.de\/index.php\/wp-json\/wp\/v2\/comments?post=1447"}],"version-history":[{"count":3,"href":"https:\/\/www.trafficrunner.de\/index.php\/wp-json\/wp\/v2\/pages\/1447\/revisions"}],"predecessor-version":[{"id":1579,"href":"https:\/\/www.trafficrunner.de\/index.php\/wp-json\/wp\/v2\/pages\/1447\/revisions\/1579"}],"wp:attachment":[{"href":"https:\/\/www.trafficrunner.de\/index.php\/wp-json\/wp\/v2\/media?parent=1447"}],"curies":[{"name":"wp","href":"https:\/\/api.w.org\/{rel}","templated":true}]}}